{"id":22,"date":"2025-06-16T09:10:15","date_gmt":"2025-06-16T07:10:15","guid":{"rendered":"http:\/\/hotel-mirmande.fr\/?page_id=22"},"modified":"2025-08-20T17:31:26","modified_gmt":"2025-08-20T15:31:26","slug":"contact-reservation","status":"publish","type":"page","link":"http:\/\/hotelmirmande.fr\/en\/contact-reservation\/","title":{"rendered":"Contact and reservation"},"content":{"rendered":"<div data-elementor-type=\"wp-page\" data-elementor-id=\"22\" class=\"elementor elementor-22\" data-elementor-post-type=\"page\">\n\t\t\t\t<div class=\"elementor-element elementor-element-41e3cdc e-flex e-con-boxed e-con e-parent\" data-id=\"41e3cdc\" data-element_type=\"container\" data-settings=\"{&quot;background_background&quot;:&quot;classic&quot;}\">\n\t\t\t\t\t<div class=\"e-con-inner\">\n\t\t<div class=\"elementor-element elementor-element-9ec016e e-con-full e-flex e-con e-child\" data-id=\"9ec016e\" data-element_type=\"container\">\n\t\t\t\t<div class=\"elementor-element elementor-element-a645e2f elementor-widget elementor-widget-breadcrumbs\" data-id=\"a645e2f\" data-element_type=\"widget\" data-widget_type=\"breadcrumbs.default\">\n\t\t\t\t<div class=\"elementor-widget-container\">\n\t\t\t\t\t<p id=\"breadcrumbs\"><span><span><a href=\"https:\/\/hotelmirmande.fr\/en\/\">Home<\/a><\/span><\/span><\/p>\t\t\t\t<\/div>\n\t\t\t\t<\/div>\n\t\t\t\t<div class=\"elementor-element elementor-element-b0adcf1 elementor-widget__width-initial elementor-widget elementor-widget-heading\" data-id=\"b0adcf1\" data-element_type=\"widget\" data-widget_type=\"heading.default\">\n\t\t\t\t<div class=\"elementor-widget-container\">\n\t\t\t\t\t<h1 class=\"elementor-heading-title elementor-size-default\">Contactez l'H\u00f4tel de Mirmande <\/h1>\t\t\t\t<\/div>\n\t\t\t\t<\/div>\n\t\t<div class=\"elementor-element elementor-element-6be900f e-con-full e-flex e-con e-child\" data-id=\"6be900f\" data-element_type=\"container\">\n\t\t\t\t<div class=\"elementor-element elementor-element-3363d7d elementor-view-default elementor-widget elementor-widget-icon\" data-id=\"3363d7d\" data-element_type=\"widget\" data-widget_type=\"icon.default\">\n\t\t\t\t<div class=\"elementor-widget-container\">\n\t\t\t\t\t\t\t<div class=\"elementor-icon-wrapper\">\n\t\t\t<div class=\"elementor-icon\">\n\t\t\t<svg aria-hidden=\"true\" class=\"e-font-icon-svg e-fas-star\" viewbox=\"0 0 576 512\" xmlns=\"http:\/\/www.w3.org\/2000\/svg\"><path d=\"M259.3 17.8L194 150.2 47.9 171.5c-26.2 3.8-36.7 36.1-17.7 54.6l105.7 103-25 145.5c-4.5 26.3 23.2 46 46.4 33.7L288 439.6l130.7 68.7c23.2 12.2 50.9-7.4 46.4-33.7l-25-145.5 105.7-103c19-18.5 8.5-50.8-17.7-54.6L382 150.2 316.7 17.8c-11.7-23.6-45.6-23.9-57.4 0z\"><\/path><\/svg>\t\t\t<\/div>\n\t\t<\/div>\n\t\t\t\t\t\t<\/div>\n\t\t\t\t<\/div>\n\t\t\t\t<div class=\"elementor-element elementor-element-084e0aa elementor-view-default elementor-widget elementor-widget-icon\" data-id=\"084e0aa\" data-element_type=\"widget\" data-widget_type=\"icon.default\">\n\t\t\t\t<div class=\"elementor-widget-container\">\n\t\t\t\t\t\t\t<div class=\"elementor-icon-wrapper\">\n\t\t\t<div class=\"elementor-icon\">\n\t\t\t<svg aria-hidden=\"true\" class=\"e-font-icon-svg e-fas-star\" viewbox=\"0 0 576 512\" xmlns=\"http:\/\/www.w3.org\/2000\/svg\"><path d=\"M259.3 17.8L194 150.2 47.9 171.5c-26.2 3.8-36.7 36.1-17.7 54.6l105.7 103-25 145.5c-4.5 26.3 23.2 46 46.4 33.7L288 439.6l130.7 68.7c23.2 12.2 50.9-7.4 46.4-33.7l-25-145.5 105.7-103c19-18.5 8.5-50.8-17.7-54.6L382 150.2 316.7 17.8c-11.7-23.6-45.6-23.9-57.4 0z\"><\/path><\/svg>\t\t\t<\/div>\n\t\t<\/div>\n\t\t\t\t\t\t<\/div>\n\t\t\t\t<\/div>\n\t\t\t\t<div class=\"elementor-element elementor-element-655bfcb elementor-view-default elementor-widget elementor-widget-icon\" data-id=\"655bfcb\" data-element_type=\"widget\" data-widget_type=\"icon.default\">\n\t\t\t\t<div class=\"elementor-widget-container\">\n\t\t\t\t\t\t\t<div class=\"elementor-icon-wrapper\">\n\t\t\t<div class=\"elementor-icon\">\n\t\t\t<svg aria-hidden=\"true\" class=\"e-font-icon-svg e-fas-star\" viewbox=\"0 0 576 512\" xmlns=\"http:\/\/www.w3.org\/2000\/svg\"><path d=\"M259.3 17.8L194 150.2 47.9 171.5c-26.2 3.8-36.7 36.1-17.7 54.6l105.7 103-25 145.5c-4.5 26.3 23.2 46 46.4 33.7L288 439.6l130.7 68.7c23.2 12.2 50.9-7.4 46.4-33.7l-25-145.5 105.7-103c19-18.5 8.5-50.8-17.7-54.6L382 150.2 316.7 17.8c-11.7-23.6-45.6-23.9-57.4 0z\"><\/path><\/svg>\t\t\t<\/div>\n\t\t<\/div>\n\t\t\t\t\t\t<\/div>\n\t\t\t\t<\/div>\n\t\t\t\t<\/div>\n\t\t\t\t<div class=\"elementor-element elementor-element-0452870 elementor-widget elementor-widget-text-editor\" data-id=\"0452870\" data-element_type=\"widget\" data-widget_type=\"text-editor.default\">\n\t\t\t\t<div class=\"elementor-widget-container\">\n\t\t\t\t\t\t\t\t\t<p>3 Rue Andr\u00e9 Lhote <br \/>26270 Mirmande<\/p>\t\t\t\t\t\t\t\t<\/div>\n\t\t\t\t<\/div>\n\t\t\t\t<div class=\"elementor-element elementor-element-29b307c elementor-widget elementor-widget-text-editor\" data-id=\"29b307c\" data-element_type=\"widget\" data-widget_type=\"text-editor.default\">\n\t\t\t\t<div class=\"elementor-widget-container\">\n\t\t\t\t\t\t\t\t\t<p>04 75 63 13 18<\/p>\t\t\t\t\t\t\t\t<\/div>\n\t\t\t\t<\/div>\n\t\t\t\t<div class=\"elementor-element elementor-element-2b62c0c elementor-widget elementor-widget-button\" data-id=\"2b62c0c\" data-element_type=\"widget\" data-widget_type=\"button.default\">\n\t\t\t\t<div class=\"elementor-widget-container\">\n\t\t\t\t\t\t\t\t\t<div class=\"elementor-button-wrapper\">\n\t\t\t\t\t<a class=\"elementor-button elementor-button-link elementor-size-sm\" href=\"#\">\n\t\t\t\t\t\t<span class=\"elementor-button-content-wrapper\">\n\t\t\t\t\t\t\t\t\t<span class=\"elementor-button-text\">R\u00e9servation<\/span>\n\t\t\t\t\t<\/span>\n\t\t\t\t\t<\/a>\n\t\t\t\t<\/div>\n\t\t\t\t\t\t\t\t<\/div>\n\t\t\t\t<\/div>\n\t\t\t\t<div class=\"elementor-element elementor-element-f4b6064 elementor-widget elementor-widget-text-editor\" data-id=\"f4b6064\" data-element_type=\"widget\" data-widget_type=\"text-editor.default\">\n\t\t\t\t<div class=\"elementor-widget-container\">\n\t\t\t\t\t\t\t\t\t<p>Meilleur tarif garanti<\/p>\t\t\t\t\t\t\t\t<\/div>\n\t\t\t\t<\/div>\n\t\t\t\t<\/div>\n\t\t\t\t\t<\/div>\n\t\t\t\t<\/div>\n\t\t<div class=\"elementor-element elementor-element-ca35f59 e-flex e-con-boxed e-con e-parent\" data-id=\"ca35f59\" data-element_type=\"container\">\n\t\t\t\t\t<div class=\"e-con-inner\">\n\t\t<div class=\"elementor-element elementor-element-1c98e6f e-con-full e-flex e-con e-child\" data-id=\"1c98e6f\" data-element_type=\"container\">\n\t\t\t\t<div class=\"elementor-element elementor-element-b087ed5 elementor-widget elementor-widget-google_maps\" data-id=\"b087ed5\" data-element_type=\"widget\" data-widget_type=\"google_maps.default\">\n\t\t\t\t<div class=\"elementor-widget-container\">\n\t\t\t\t\t\t\t<div class=\"elementor-custom-embed\">\n\t\t\t<iframe loading=\"lazy\"\n\t\t\t\t\tsrc=\"https:\/\/maps.google.com\/maps?q=hotel%20mirmande&#038;t=m&#038;z=10&#038;output=embed&#038;iwloc=near\"\n\t\t\t\t\ttitle=\"hotel mirmande\"\n\t\t\t\t\taria-label=\"hotel mirmande\"\n\t\t\t><\/iframe>\n\t\t<\/div>\n\t\t\t\t\t\t<\/div>\n\t\t\t\t<\/div>\n\t\t\t\t<\/div>\n\t\t<div class=\"elementor-element elementor-element-e6f0164 e-con-full e-flex e-con e-child\" data-id=\"e6f0164\" data-element_type=\"container\">\n\t\t\t\t<div class=\"elementor-element elementor-element-6a736ea elementor-widget elementor-widget-image\" data-id=\"6a736ea\" data-element_type=\"widget\" data-widget_type=\"image.default\">\n\t\t\t\t<div class=\"elementor-widget-container\">\n\t\t\t\t\t\t\t\t\t\t\t\t\t\t\t<img fetchpriority=\"high\" decoding=\"async\" width=\"679\" height=\"582\" src=\"https:\/\/hotelmirmande.fr\/wp-content\/uploads\/2025\/07\/acces.gif\" class=\"attachment-large size-large wp-image-2302\" alt=\"\" \/>\t\t\t\t\t\t\t\t\t\t\t\t\t\t\t<\/div>\n\t\t\t\t<\/div>\n\t\t\t\t<div class=\"elementor-element elementor-element-cd89ab3 elementor-icon-list--layout-traditional elementor-list-item-link-full_width elementor-widget elementor-widget-icon-list\" data-id=\"cd89ab3\" data-element_type=\"widget\" data-widget_type=\"icon-list.default\">\n\t\t\t\t<div class=\"elementor-widget-container\">\n\t\t\t\t\t\t\t<ul class=\"elementor-icon-list-items\">\n\t\t\t\t\t\t\t<li class=\"elementor-icon-list-item\">\n\t\t\t\t\t\t\t\t\t\t\t<span class=\"elementor-icon-list-icon\">\n\t\t\t\t\t\t\t<svg aria-hidden=\"true\" class=\"e-font-icon-svg e-fas-car\" viewbox=\"0 0 512 512\" xmlns=\"http:\/\/www.w3.org\/2000\/svg\"><path d=\"M499.99 176h-59.87l-16.64-41.6C406.38 91.63 365.57 64 319.5 64h-127c-46.06 0-86.88 27.63-103.99 70.4L71.87 176H12.01C4.2 176-1.53 183.34.37 190.91l6 24C7.7 220.25 12.5 224 18.01 224h20.07C24.65 235.73 16 252.78 16 272v48c0 16.12 6.16 30.67 16 41.93V416c0 17.67 14.33 32 32 32h32c17.67 0 32-14.33 32-32v-32h256v32c0 17.67 14.33 32 32 32h32c17.67 0 32-14.33 32-32v-54.07c9.84-11.25 16-25.8 16-41.93v-48c0-19.22-8.65-36.27-22.07-48H494c5.51 0 10.31-3.75 11.64-9.09l6-24c1.89-7.57-3.84-14.91-11.65-14.91zm-352.06-17.83c7.29-18.22 24.94-30.17 44.57-30.17h127c19.63 0 37.28 11.95 44.57 30.17L384 208H128l19.93-49.83zM96 319.8c-19.2 0-32-12.76-32-31.9S76.8 256 96 256s48 28.71 48 47.85-28.8 15.95-48 15.95zm320 0c-19.2 0-48 3.19-48-15.95S396.8 256 416 256s32 12.76 32 31.9-12.8 31.9-32 31.9z\"><\/path><\/svg>\t\t\t\t\t\t<\/span>\n\t\t\t\t\t\t\t\t\t\t<span class=\"elementor-icon-list-text\">Au c\u0153ur de la Dr\u00f4me proven\u00e7ale et \u00e0 7 mins de la sortie 16 en venant du nord sur l'A7 ou sortie 17 en venant du sud.<\/span>\n\t\t\t\t\t\t\t\t\t<\/li>\n\t\t\t\t\t\t\t\t<li class=\"elementor-icon-list-item\">\n\t\t\t\t\t\t\t\t\t\t\t<span class=\"elementor-icon-list-icon\">\n\t\t\t\t\t\t\t<svg aria-hidden=\"true\" class=\"e-font-icon-svg e-fas-train\" viewbox=\"0 0 448 512\" xmlns=\"http:\/\/www.w3.org\/2000\/svg\"><path d=\"M448 96v256c0 51.815-61.624 96-130.022 96l62.98 49.721C386.905 502.417 383.562 512 376 512H72c-7.578 0-10.892-9.594-4.957-14.279L130.022 448C61.82 448 0 403.954 0 352V96C0 42.981 64 0 128 0h192c65 0 128 42.981 128 96zm-48 136V120c0-13.255-10.745-24-24-24H72c-13.255 0-24 10.745-24 24v112c0 13.255 10.745 24 24 24h304c13.255 0 24-10.745 24-24zm-176 64c-30.928 0-56 25.072-56 56s25.072 56 56 56 56-25.072 56-56-25.072-56-56-56z\"><\/path><\/svg>\t\t\t\t\t\t<\/span>\n\t\t\t\t\t\t\t\t\t\t<span class=\"elementor-icon-list-text\">\u00c0 10 mins de la gare SNCF de Loriol, 35 mins de la gare TVG de Valence et 25 mins de la gare de Mont\u00e9limar.<\/span>\n\t\t\t\t\t\t\t\t\t<\/li>\n\t\t\t\t\t\t<\/ul>\n\t\t\t\t\t\t<\/div>\n\t\t\t\t<\/div>\n\t\t\t\t<\/div>\n\t\t\t\t\t<\/div>\n\t\t\t\t<\/div>\n\t\t<div class=\"elementor-element elementor-element-9483e43 e-flex e-con-boxed e-con e-parent\" data-id=\"9483e43\" data-element_type=\"container\" data-settings=\"{&quot;background_background&quot;:&quot;classic&quot;}\">\n\t\t\t\t\t<div class=\"e-con-inner\">\n\t\t\t\t<div class=\"elementor-element elementor-element-a25e3de elementor-widget elementor-widget-breadcrumbs\" data-id=\"a25e3de\" data-element_type=\"widget\" data-widget_type=\"breadcrumbs.default\">\n\t\t\t\t<div class=\"elementor-widget-container\">\n\t\t\t\t\t<p id=\"breadcrumbs\"><span><span><a href=\"https:\/\/hotelmirmande.fr\/en\/\">Home<\/a><\/span><\/span><\/p>\t\t\t\t<\/div>\n\t\t\t\t<\/div>\n\t\t\t\t\t<\/div>\n\t\t\t\t<\/div>\n\t\t\t\t<\/div>","protected":false},"excerpt":{"rendered":"<p>Contactez l&rsquo;H\u00f4tel de Mirmande 3 Rue Andr\u00e9 Lhote 26270 Mirmande 04 75 63 13 18 R\u00e9servation Meilleur tarif garanti Au c\u0153ur de la Dr\u00f4me proven\u00e7ale et \u00e0 7 mins de la sortie 16 en venant du nord sur l&rsquo;A7 ou sortie 17 en venant du sud. \u00c0 10 mins de la gare SNCF de Loriol, [&hellip;]<\/p>","protected":false},"author":2,"featured_media":0,"parent":0,"menu_order":0,"comment_status":"closed","ping_status":"closed","template":"","meta":{"_acf_changed":false,"footnotes":""},"class_list":["post-22","page","type-page","status-publish","hentry"],"acf":[],"yoast_head":"<!-- This site is optimized with the Yoast SEO plugin v25.6 - https:\/\/yoast.com\/wordpress\/plugins\/seo\/ -->\n<title>Contact &amp; r\u00e9servation - H\u00f4tel de Mirmande, en Dr\u00f4me Proven\u00e7ale<\/title>\n<meta name=\"robots\" content=\"index, follow, max-snippet:-1, max-image-preview:large, max-video-preview:-1\" \/>\n<link rel=\"canonical\" href=\"https:\/\/hotelmirmande.fr\/en\/contact-reservation\/\" \/>\n<meta property=\"og:locale\" content=\"en_GB\" \/>\n<meta property=\"og:type\" content=\"article\" \/>\n<meta property=\"og:title\" content=\"Contact &amp; r\u00e9servation - H\u00f4tel de Mirmande, en Dr\u00f4me Proven\u00e7ale\" \/>\n<meta property=\"og:description\" content=\"Contactez l&rsquo;H\u00f4tel de Mirmande 3 Rue Andr\u00e9 Lhote 26270 Mirmande 04 75 63 13 18 R\u00e9servation Meilleur tarif garanti Au c\u0153ur de la Dr\u00f4me proven\u00e7ale et \u00e0 7 mins de la sortie 16 en venant du nord sur l&rsquo;A7 ou sortie 17 en venant du sud. \u00c0 10 mins de la gare SNCF de Loriol, [&hellip;]\" \/>\n<meta property=\"og:url\" content=\"https:\/\/hotelmirmande.fr\/en\/contact-reservation\/\" \/>\n<meta property=\"og:site_name\" content=\"H\u00f4tel de Mirmande, en Dr\u00f4me Proven\u00e7ale\" \/>\n<meta property=\"article:modified_time\" content=\"2025-08-20T15:31:26+00:00\" \/>\n<meta property=\"og:image\" content=\"http:\/\/hotel-mirmande.fr\/wp-content\/uploads\/2025\/07\/acces.gif\" \/>\n<meta name=\"twitter:card\" content=\"summary_large_image\" \/>\n<meta name=\"twitter:label1\" content=\"Estimated reading time\" \/>\n\t<meta name=\"twitter:data1\" content=\"1 minute\" \/>\n<script type=\"application\/ld+json\" class=\"yoast-schema-graph\">{\"@context\":\"https:\/\/schema.org\",\"@graph\":[{\"@type\":\"WebPage\",\"@id\":\"https:\/\/hotelmirmande.fr\/contact-reservation\/\",\"url\":\"https:\/\/hotelmirmande.fr\/contact-reservation\/\",\"name\":\"Contact &amp; r\u00e9servation - H\u00f4tel de Mirmande, en Dr\u00f4me Proven\u00e7ale\",\"isPartOf\":{\"@id\":\"https:\/\/hotelmirmande.fr\/#website\"},\"primaryImageOfPage\":{\"@id\":\"https:\/\/hotelmirmande.fr\/contact-reservation\/#primaryimage\"},\"image\":{\"@id\":\"https:\/\/hotelmirmande.fr\/contact-reservation\/#primaryimage\"},\"thumbnailUrl\":\"http:\/\/hotel-mirmande.fr\/wp-content\/uploads\/2025\/07\/acces.gif\",\"datePublished\":\"2025-06-16T07:10:15+00:00\",\"dateModified\":\"2025-08-20T15:31:26+00:00\",\"breadcrumb\":{\"@id\":\"https:\/\/hotelmirmande.fr\/contact-reservation\/#breadcrumb\"},\"inLanguage\":\"en-GB\",\"potentialAction\":[{\"@type\":\"ReadAction\",\"target\":[\"https:\/\/hotelmirmande.fr\/contact-reservation\/\"]}]},{\"@type\":\"ImageObject\",\"inLanguage\":\"en-GB\",\"@id\":\"https:\/\/hotelmirmande.fr\/contact-reservation\/#primaryimage\",\"url\":\"http:\/\/hotel-mirmande.fr\/wp-content\/uploads\/2025\/07\/acces.gif\",\"contentUrl\":\"http:\/\/hotel-mirmande.fr\/wp-content\/uploads\/2025\/07\/acces.gif\"},{\"@type\":\"BreadcrumbList\",\"@id\":\"https:\/\/hotelmirmande.fr\/contact-reservation\/#breadcrumb\",\"itemListElement\":[{\"@type\":\"ListItem\",\"position\":1,\"name\":\"Accueil\",\"item\":\"https:\/\/hotelmirmande.fr\/\"},{\"@type\":\"ListItem\",\"position\":2,\"name\":\"Contact &amp; r\u00e9servation\"}]},{\"@type\":\"WebSite\",\"@id\":\"https:\/\/hotelmirmande.fr\/#website\",\"url\":\"https:\/\/hotelmirmande.fr\/\",\"name\":\"H\u00f4tel de Mirmande, en Dr\u00f4me Proven\u00e7ale\",\"description\":\"Un site utilisant WordPress\",\"potentialAction\":[{\"@type\":\"SearchAction\",\"target\":{\"@type\":\"EntryPoint\",\"urlTemplate\":\"https:\/\/hotelmirmande.fr\/?s={search_term_string}\"},\"query-input\":{\"@type\":\"PropertyValueSpecification\",\"valueRequired\":true,\"valueName\":\"search_term_string\"}}],\"inLanguage\":\"en-GB\"}]}<\/script>\n<!-- \/ Yoast SEO plugin. -->","yoast_head_json":{"title":"Contact &amp; r\u00e9servation - H\u00f4tel de Mirmande, en Dr\u00f4me Proven\u00e7ale","robots":{"index":"index","follow":"follow","max-snippet":"max-snippet:-1","max-image-preview":"max-image-preview:large","max-video-preview":"max-video-preview:-1"},"canonical":"https:\/\/hotelmirmande.fr\/en\/contact-reservation\/","og_locale":"en_GB","og_type":"article","og_title":"Contact &amp; r\u00e9servation - H\u00f4tel de Mirmande, en Dr\u00f4me Proven\u00e7ale","og_description":"Contactez l&rsquo;H\u00f4tel de Mirmande 3 Rue Andr\u00e9 Lhote 26270 Mirmande 04 75 63 13 18 R\u00e9servation Meilleur tarif garanti Au c\u0153ur de la Dr\u00f4me proven\u00e7ale et \u00e0 7 mins de la sortie 16 en venant du nord sur l&rsquo;A7 ou sortie 17 en venant du sud. \u00c0 10 mins de la gare SNCF de Loriol, [&hellip;]","og_url":"https:\/\/hotelmirmande.fr\/en\/contact-reservation\/","og_site_name":"H\u00f4tel de Mirmande, en Dr\u00f4me Proven\u00e7ale","article_modified_time":"2025-08-20T15:31:26+00:00","og_image":[{"url":"http:\/\/hotel-mirmande.fr\/wp-content\/uploads\/2025\/07\/acces.gif","type":"","width":"","height":""}],"twitter_card":"summary_large_image","twitter_misc":{"Estimated reading time":"1 minute"},"schema":{"@context":"https:\/\/schema.org","@graph":[{"@type":"WebPage","@id":"https:\/\/hotelmirmande.fr\/contact-reservation\/","url":"https:\/\/hotelmirmande.fr\/contact-reservation\/","name":"Contact &amp; r\u00e9servation - H\u00f4tel de Mirmande, en Dr\u00f4me Proven\u00e7ale","isPartOf":{"@id":"https:\/\/hotelmirmande.fr\/#website"},"primaryImageOfPage":{"@id":"https:\/\/hotelmirmande.fr\/contact-reservation\/#primaryimage"},"image":{"@id":"https:\/\/hotelmirmande.fr\/contact-reservation\/#primaryimage"},"thumbnailUrl":"http:\/\/hotel-mirmande.fr\/wp-content\/uploads\/2025\/07\/acces.gif","datePublished":"2025-06-16T07:10:15+00:00","dateModified":"2025-08-20T15:31:26+00:00","breadcrumb":{"@id":"https:\/\/hotelmirmande.fr\/contact-reservation\/#breadcrumb"},"inLanguage":"en-GB","potentialAction":[{"@type":"ReadAction","target":["https:\/\/hotelmirmande.fr\/contact-reservation\/"]}]},{"@type":"ImageObject","inLanguage":"en-GB","@id":"https:\/\/hotelmirmande.fr\/contact-reservation\/#primaryimage","url":"http:\/\/hotel-mirmande.fr\/wp-content\/uploads\/2025\/07\/acces.gif","contentUrl":"http:\/\/hotel-mirmande.fr\/wp-content\/uploads\/2025\/07\/acces.gif"},{"@type":"BreadcrumbList","@id":"https:\/\/hotelmirmande.fr\/contact-reservation\/#breadcrumb","itemListElement":[{"@type":"ListItem","position":1,"name":"Accueil","item":"https:\/\/hotelmirmande.fr\/"},{"@type":"ListItem","position":2,"name":"Contact &amp; r\u00e9servation"}]},{"@type":"WebSite","@id":"https:\/\/hotelmirmande.fr\/#website","url":"https:\/\/hotelmirmande.fr\/","name":"H\u00f4tel de Mirmande, en Dr\u00f4me Proven\u00e7ale","description":"Un site utilisant WordPress","potentialAction":[{"@type":"SearchAction","target":{"@type":"EntryPoint","urlTemplate":"https:\/\/hotelmirmande.fr\/?s={search_term_string}"},"query-input":{"@type":"PropertyValueSpecification","valueRequired":true,"valueName":"search_term_string"}}],"inLanguage":"en-GB"}]}},"_links":{"self":[{"href":"http:\/\/hotelmirmande.fr\/en\/wp-json\/wp\/v2\/pages\/22","targetHints":{"allow":["GET"]}}],"collection":[{"href":"http:\/\/hotelmirmande.fr\/en\/wp-json\/wp\/v2\/pages"}],"about":[{"href":"http:\/\/hotelmirmande.fr\/en\/wp-json\/wp\/v2\/types\/page"}],"author":[{"embeddable":true,"href":"http:\/\/hotelmirmande.fr\/en\/wp-json\/wp\/v2\/users\/2"}],"replies":[{"embeddable":true,"href":"http:\/\/hotelmirmande.fr\/en\/wp-json\/wp\/v2\/comments?post=22"}],"version-history":[{"count":0,"href":"http:\/\/hotelmirmande.fr\/en\/wp-json\/wp\/v2\/pages\/22\/revisions"}],"wp:attachment":[{"href":"http:\/\/hotelmirmande.fr\/en\/wp-json\/wp\/v2\/media?parent=22"}],"curies":[{"name":"wp","href":"https:\/\/api.w.org\/{rel}","templated":true}]}}